{"id":2692,"date":"2021-02-11T14:35:21","date_gmt":"2021-02-11T14:35:21","guid":{"rendered":"https:\/\/surfbio.eu\/publications\/"},"modified":"2022-04-07T08:12:05","modified_gmt":"2022-04-07T08:12:05","slug":"publikacije","status":"publish","type":"page","link":"https:\/\/surfbio.eu\/sl\/publikacije\/","title":{"rendered":"Publikacije"},"content":{"rendered":"<p>[vc_row][vc_column]\n\t\t\t<!-- START PUBLICATIONS SL REVOLUTION SLIDER 6.3.5 --><p class=\"rs-p-wp-fix\"><\/p>\n\t\t\t<rs-module-wrap id=\"rev_slider_16_1_wrapper\" data-source=\"gallery\" style=\"background:transparent;padding:0;margin:0px auto;margin-top:0;margin-bottom:0;\">\n\t\t\t\t<rs-module id=\"rev_slider_16_1\" style=\"\" data-version=\"6.3.5\">\n\t\t\t\t\t<rs-slides>\n\t\t\t\t\t\t<rs-slide data-key=\"rs-19\" data-title=\"Slide\" data-anim=\"ei:d;eo:d;s:1000;r:0;t:fade;sl:0;\">\n\t\t\t\t\t\t\t<img loading=\"lazy\" decoding=\"async\" src=\"\/\/surfbio.eu\/wp-content\/uploads\/2021\/10\/publication-scaled.jpg\" title=\"publications\" width=\"2560\" height=\"1225\" class=\"rev-slidebg\" data-no-retina>\n<!--\n\t\t\t\t\t\t\t--><rs-layer\n\t\t\t\t\t\t\t\tid=\"slider-16-slide-19-layer-0\" \n\t\t\t\t\t\t\t\tdata-type=\"shape\"\n\t\t\t\t\t\t\t\tdata-rsp_ch=\"on\"\n\t\t\t\t\t\t\t\tdata-xy=\"x:47px;y:181px;\"\n\t\t\t\t\t\t\t\tdata-text=\"w:normal;\"\n\t\t\t\t\t\t\t\tdata-dim=\"w:427px;h:112;\"\n\t\t\t\t\t\t\t\tdata-frame_0=\"y:-31px;\"\n\t\t\t\t\t\t\t\tdata-frame_1=\"st:740;sp:1000;sR:740;\"\n\t\t\t\t\t\t\t\tdata-frame_999=\"o:0;st:w;sR:7260;\"\n\t\t\t\t\t\t\t\tstyle=\"z-index:9;background-color:#98de9e;\"\n\t\t\t\t\t\t\t> \n\t\t\t\t\t\t\t<\/rs-layer><!--\n\n\t\t\t\t\t\t\t--><rs-layer\n\t\t\t\t\t\t\t\tid=\"slider-16-slide-19-layer-1\" \n\t\t\t\t\t\t\t\tdata-type=\"shape\"\n\t\t\t\t\t\t\t\tdata-rsp_ch=\"on\"\n\t\t\t\t\t\t\t\tdata-xy=\"x:67px;y:204px;\"\n\t\t\t\t\t\t\t\tdata-text=\"w:normal;\"\n\t\t\t\t\t\t\t\tdata-dim=\"w:429px;h:112;\"\n\t\t\t\t\t\t\t\tdata-frame_0=\"y:-31px;\"\n\t\t\t\t\t\t\t\tdata-frame_1=\"st:450;sp:1000;sR:450;\"\n\t\t\t\t\t\t\t\tdata-frame_999=\"o:0;st:w;sR:7550;\"\n\t\t\t\t\t\t\t\tstyle=\"z-index:8;background-color:#002d44;\"\n\t\t\t\t\t\t\t> \n\t\t\t\t\t\t\t<\/rs-layer><!--\n\n\t\t\t\t\t\t\t--><rs-layer\n\t\t\t\t\t\t\t\tid=\"slider-16-slide-19-layer-2\" \n\t\t\t\t\t\t\t\tdata-type=\"text\"\n\t\t\t\t\t\t\t\tdata-color=\"#ffffff\"\n\t\t\t\t\t\t\t\tdata-rsp_ch=\"on\"\n\t\t\t\t\t\t\t\tdata-xy=\"x:74px;y:232px;\"\n\t\t\t\t\t\t\t\tdata-text=\"w:normal;s:100;\"\n\t\t\t\t\t\t\t\tdata-dim=\"h:61px;\"\n\t\t\t\t\t\t\t\tdata-frame_0=\"y:-50;\"\n\t\t\t\t\t\t\t\tdata-frame_1=\"st:1340;sp:1000;sR:1340;\"\n\t\t\t\t\t\t\t\tdata-frame_999=\"o:0;st:w;sR:6660;\"\n\t\t\t\t\t\t\t\tstyle=\"z-index:10;font-family:Bebas Neue;\"\n\t\t\t\t\t\t\t>PUBLIKACIJE \n\t\t\t\t\t\t\t<\/rs-layer><!--\n-->\t\t\t\t\t\t<\/rs-slide>\n\t\t\t\t\t<\/rs-slides>\n\t\t\t\t<\/rs-module>\n\t\t\t\t<script type=\"text\/javascript\">\n\t\t\t\t\tsetREVStartSize({c: 'rev_slider_16_1',rl:[1240,1024,778,480],el:[400],gw:[1240],gh:[400],type:'standard',justify:'',layout:'fullwidth',mh:\"0\"});\n\t\t\t\t\tvar\trevapi16,\n\t\t\t\t\t\ttpj;\n\t\t\t\t\tfunction revinit_revslider161() {\n\t\t\t\t\tjQuery(function() {\n\t\t\t\t\t\ttpj = jQuery;\n\t\t\t\t\t\trevapi16 = tpj(\"#rev_slider_16_1\");\n\t\t\t\t\t\tif(revapi16==undefined || revapi16.revolution == undefined){\n\t\t\t\t\t\t\trevslider_showDoubleJqueryError(\"rev_slider_16_1\");\n\t\t\t\t\t\t}else{\n\t\t\t\t\t\t\trevapi16.revolution({\n\t\t\t\t\t\t\t\tsliderLayout:\"fullwidth\",\n\t\t\t\t\t\t\t\tvisibilityLevels:\"1240,1024,778,480\",\n\t\t\t\t\t\t\t\tgridwidth:1240,\n\t\t\t\t\t\t\t\tgridheight:400,\n\t\t\t\t\t\t\t\tperspective:600,\n\t\t\t\t\t\t\t\tperspectiveType:\"global\",\n\t\t\t\t\t\t\t\teditorheight:\"400,768,960,720\",\n\t\t\t\t\t\t\t\tresponsiveLevels:\"1240,1024,778,480\",\n\t\t\t\t\t\t\t\tprogressBar:{disableProgressBar:true},\n\t\t\t\t\t\t\t\tnavigation: {\n\t\t\t\t\t\t\t\t\tonHoverStop:false\n\t\t\t\t\t\t\t\t},\n\t\t\t\t\t\t\t\tfallbacks: {\n\t\t\t\t\t\t\t\t\tallowHTML5AutoPlayOnAndroid:true\n\t\t\t\t\t\t\t\t},\n\t\t\t\t\t\t\t});\n\t\t\t\t\t\t}\n\t\t\t\t\t\t\n\t\t\t\t\t});\n\t\t\t\t\t} \/\/ End of RevInitScript\n\t\t\t\tvar once_revslider161 = false;\n\t\t\t\tif (document.readyState === \"loading\") {document.addEventListener('readystatechange',function() { if((document.readyState === \"interactive\" || document.readyState === \"complete\") && !once_revslider161 ) { once_revslider161 = true; revinit_revslider161();}});} else {once_revslider161 = true; revinit_revslider161();}\n\t\t\t\t<\/script>\n\t\t\t<\/rs-module-wrap>\n\t\t\t<!-- END REVOLUTION SLIDER -->\n[\/vc_column][\/vc_row][vc_row css=&#8221;.vc_custom_1613386663940{background-color: #ededed !important;}&#8221; animation_type=&#8221;fadeIn&#8221;][vc_column width=&#8221;1\/6&#8243;][\/vc_column][vc_column width=&#8221;2\/3&#8243;][vc_empty_space height=&#8221;50&#8243;][vc_column_text]<\/p>\n<h2 style=\"text-align: center;\">Tukaj si lahko ogledate na\u0161e najnovej\u0161e publikacije in izveste nekaj ve\u010d o povr\u0161ini in koloidih!<\/h2>\n<p>[\/vc_column_text][vc_empty_space height=&#8221;50&#8243;][\/vc_column][vc_column width=&#8221;1\/6&#8243;][\/vc_column][\/vc_row][vc_row][vc_column width=&#8221;1\/6&#8243;][\/vc_column][vc_column width=&#8221;2\/3&#8243;][vc_empty_space height=&#8221;60px&#8221;][vc_custom_heading text=&#8221;<b>OBRAZEC NARO\u010cNI\u0160TVO<\/b>&#8221; font_container=&#8221;tag:h1|text_align:center&#8221; use_theme_fonts=&#8221;yes&#8221; css=&#8221;.vc_custom_1649244523605{margin-bottom: 20px !important;}&#8221;][vc_column_text css=&#8221;.vc_custom_1637771826845{margin-top: 40px !important;}&#8221;]<\/p>\n<p style=\"text-align: center;\"><strong>Izvedite o najnovej\u0161ih novicah, tako da se naro\u010dite na na\u0161e novice<\/strong><\/p>\n<p>[\/vc_column_text][\/vc_column][vc_column width=&#8221;1\/6&#8243;][\/vc_column][\/vc_row][vc_row][vc_column width=&#8221;1\/3&#8243;][\/vc_column][vc_column width=&#8221;1\/3&#8243;][vc_column_text css=&#8221;.vc_custom_1637771838873{border-top-width: 3px !important;border-right-width: 3px !important;border-bottom-width: 3px !important;border-left-width: 3px !important;padding-top: 20px !important;padding-right: 20px !important;padding-bottom: 20px !important;padding-left: 30px !important;border-left-color: #98de9e !important;border-left-style: solid !important;border-right-color: #98de9e !important;border-right-style: solid !important;border-top-color: #98de9e !important;border-top-style: solid !important;border-bottom-color: #98de9e !important;border-bottom-style: solid !important;border-radius: 4px !important;}&#8221;]<script>(function() {\n\twindow.mc4wp = window.mc4wp || {\n\t\tlisteners: [],\n\t\tforms: {\n\t\t\ton: function(evt, cb) {\n\t\t\t\twindow.mc4wp.listeners.push(\n\t\t\t\t\t{\n\t\t\t\t\t\tevent   : evt,\n\t\t\t\t\t\tcallback: cb\n\t\t\t\t\t}\n\t\t\t\t);\n\t\t\t}\n\t\t}\n\t}\n})();\n<\/script><!-- Mailchimp for WordPress v4.10.8 - https:\/\/wordpress.org\/plugins\/mailchimp-for-wp\/ --><form id=\"mc4wp-form-1\" class=\"mc4wp-form mc4wp-form-3362 mc4wp-form-basic\" method=\"post\" data-id=\"3362\" data-name=\"glasilo\" ><div class=\"mc4wp-form-fields\"><div class=\"col-lg-12\">\r\n<p><label for=\"contact-subject\" class=\"font-weight-bold text-dark\">E-naslov<input type=\"email\" name=\"EMAIL\"\/>\r\n  <\/label><\/p><\/div><p><\/p>\r\n<div class=\"col-lg-12\">\r\n<p><label for=\"contact-subject\" class=\"font-weight-bold text-dark\">Ime<input type=\"text\" name=\"FNAME\">\r\n   <\/p><\/div><p><\/p>\r\n <div class=\"col-lg-12\">\r\n <p><label>\r\n        <input name=\"AGREE_TO_TERMS\" type=\"checkbox\" value=\"1\" required=\"\">Prebral sem in se strinjam z  <a href=\"https:\/\/surfbio.eu\/sl\/politika-zasebnosti\/\" target=\"_blank\">dolo\u010dili in pogoji<\/a>\r\n    <\/label><\/p><\/p>\r\n<\/div>\r\n<div class=\"col-lg-12\">\r\n<p><input type=\"submit\" value=\"Prijavite se\" \/><\/p>\r\n<\/div><\/div><label style=\"display: none !important;\">Leave this field empty if you're human: <input type=\"text\" name=\"_mc4wp_honeypot\" value=\"\" tabindex=\"-1\" autocomplete=\"off\" \/><\/label><input type=\"hidden\" name=\"_mc4wp_timestamp\" value=\"1775774158\" \/><input type=\"hidden\" name=\"_mc4wp_form_id\" value=\"3362\" \/><input type=\"hidden\" name=\"_mc4wp_form_element_id\" value=\"mc4wp-form-1\" \/><div class=\"mc4wp-response\"><\/div><\/form><!-- \/ Mailchimp for WordPress Plugin -->[\/vc_column_text][vc_empty_space height=&#8221;30&#8243;][\/vc_column][vc_column width=&#8221;1\/3&#8243;][\/vc_column][\/vc_row][vc_row css=&#8221;.vc_custom_1613386670135{background-color: #98de9e !important;}&#8221; animation_type=&#8221;bounceIn&#8221;][vc_column][vc_empty_space height=&#8221;100&#8243;][vc_row_inner][vc_column_inner width=&#8221;1\/6&#8243;][\/vc_column_inner][vc_column_inner width=&#8221;2\/3&#8243;][vc_text_separator title=&#8221;DELIVERABLES&#8221; color=&#8221;custom&#8221; border_width=&#8221;2&#8243; element=&#8221;h1&#8243; accent_color=&#8221;#002d44&#8243;][\/vc_column_inner][vc_column_inner width=&#8221;1\/6&#8243;][\/vc_column_inner][\/vc_row_inner][vc_empty_space height=&#8221;80&#8243;][\/vc_column][\/vc_row][vc_row css=&#8221;.vc_custom_1613386678703{background-color: #ffffff !important;}&#8221; animation_type=&#8221;fadeOut&#8221;][vc_column width=&#8221;1\/6&#8243;][\/vc_column][vc_column width=&#8221;2\/3&#8243;][vc_empty_space height=&#8221;80&#8243;][vc_row_inner][vc_column_inner width=&#8221;1\/3&#8243;][vc_cta h2=&#8221;Razvoj publikacij v visoko u\u010dinkovitih revijah na ustreznih raziskovalnih podro\u010djih&#8221; h2_font_container=&#8221;font_size:35&#8243; h2_use_theme_fonts=&#8221;yes&#8221; txt_align=&#8221;center&#8221; shape=&#8221;square&#8221; style=&#8221;outline&#8221; add_button=&#8221;bottom&#8221; btn_title=&#8221;PRENESI&#8221; btn_size=&#8221;lg&#8221; btn_align=&#8221;center&#8221; add_icon=&#8221;top&#8221; i_icon_fontawesome=&#8221;fas fa-cloud-download-alt&#8221; i_color=&#8221;custom&#8221; i_size=&#8221;xl&#8221; use_custom_fonts_h2=&#8221;true&#8221; i_custom_color=&#8221;#98de9e&#8221; btn_link=&#8221;url:https%3A%2F%2Fsurfbio.eu%2Fwp-content%2Fuploads%2F2021%2F02%2FD5.1.pdf&#8221;][\/vc_cta][\/vc_column_inner][vc_column_inner width=&#8221;1\/3&#8243;][\/vc_column_inner][vc_column_inner width=&#8221;1\/3&#8243;][\/vc_column_inner][\/vc_row_inner][\/vc_column][vc_column width=&#8221;1\/6&#8243;][\/vc_column][\/vc_row][vc_row][vc_column][vc_empty_space height=&#8221;50&#8243;][\/vc_column][\/vc_row]<\/p>\n","protected":false},"excerpt":{"rendered":"<p>[vc_row][vc_column][\/vc_column][\/vc_row][vc_row css=&#8221;.vc_custom_1613386663940{background-color: #ededed !important;}&#8221; animation_type=&#8221;fadeIn&#8221;][vc_column width=&#8221;1\/6&#8243;][\/vc_column][vc_column width=&#8221;2\/3&#8243;][vc_empty_space height=&#8221;50&#8243;][vc_column_text] Tukaj si lahko ogledate na\u0161e najnovej\u0161e publikacije in izveste nekaj ve\u010d o povr\u0161ini in koloidih! [\/vc_column_text][vc_empty_space height=&#8221;50&#8243;][\/vc_column][vc_column width=&#8221;1\/6&#8243;][\/vc_column][\/vc_row][vc_row][vc_column width=&#8221;1\/6&#8243;][\/vc_column][vc_column width=&#8221;2\/3&#8243;][vc_empty_space height=&#8221;60px&#8221;][vc_custom_heading text=&#8221;OBRAZEC NARO\u010cNI\u0160TVO&#8221; font_container=&#8221;tag:h1|text_align:center&#8221; use_theme_fonts=&#8221;yes&#8221; css=&#8221;.vc_custom_1649244523605{margin-bottom: 20px !important;}&#8221;][vc_column_text css=&#8221;.vc_custom_1637771826845{margin-top: 40px !important;}&#8221;] Izvedite o najnovej\u0161ih novicah, tako da se naro\u010dite na na\u0161e novice [\/vc_column_text][\/vc_column][vc_column width=&#8221;1\/6&#8243;][\/vc_column][\/vc_row][vc_row][vc_column width=&#8221;1\/3&#8243;][\/vc_column][vc_column width=&#8221;1\/3&#8243;][vc_column_text css=&#8221;.vc_custom_1637771838873{border-top-width: [&hellip;]<\/p>\n","protected":false},"author":1,"featured_media":0,"parent":0,"menu_order":0,"comment_status":"closed","ping_status":"closed","template":"","meta":{"footnotes":""},"class_list":["post-2692","page","type-page","status-publish","hentry"],"_links":{"self":[{"href":"https:\/\/surfbio.eu\/sl\/wp-json\/wp\/v2\/pages\/2692","targetHints":{"allow":["GET"]}}],"collection":[{"href":"https:\/\/surfbio.eu\/sl\/wp-json\/wp\/v2\/pages"}],"about":[{"href":"https:\/\/surfbio.eu\/sl\/wp-json\/wp\/v2\/types\/page"}],"author":[{"embeddable":true,"href":"https:\/\/surfbio.eu\/sl\/wp-json\/wp\/v2\/users\/1"}],"replies":[{"embeddable":true,"href":"https:\/\/surfbio.eu\/sl\/wp-json\/wp\/v2\/comments?post=2692"}],"version-history":[{"count":13,"href":"https:\/\/surfbio.eu\/sl\/wp-json\/wp\/v2\/pages\/2692\/revisions"}],"predecessor-version":[{"id":3732,"href":"https:\/\/surfbio.eu\/sl\/wp-json\/wp\/v2\/pages\/2692\/revisions\/3732"}],"wp:attachment":[{"href":"https:\/\/surfbio.eu\/sl\/wp-json\/wp\/v2\/media?parent=2692"}],"curies":[{"name":"wp","href":"https:\/\/api.w.org\/{rel}","templated":true}]}}