{"id":2686,"date":"2021-02-11T14:25:34","date_gmt":"2021-02-11T14:25:34","guid":{"rendered":"https:\/\/surfbio.eu\/innovation-hub\/"},"modified":"2022-04-07T07:49:24","modified_gmt":"2022-04-07T07:49:24","slug":"inovacijsko-vozlisce","status":"publish","type":"page","link":"https:\/\/surfbio.eu\/sl\/inovacijsko-vozlisce\/","title":{"rendered":"Inovacijsko Vozli\u0161\u010de"},"content":{"rendered":"<p>[vc_row css=&#8221;.vc_custom_1613386608008{background-color: #f4f4f4 !important;}&#8221; animation_type=&#8221;fadeIn&#8221;][vc_column width=&#8221;1\/6&#8243; offset=&#8221;vc_hidden-sm vc_hidden-xs&#8221;][\/vc_column][vc_column width=&#8221;2\/3&#8243;][vc_empty_space height=&#8221;50&#8243;][vc_column_text el_class=&#8221;parrafo&#8221;]<\/p>\n<p style=\"text-align: center;\">Inovacijsko vozli\u0161\u010de bo zagotovilo veliko novih, v panogo usmerjenih raziskovalnih storitev, ki bodo odprte za industrijo in institucije, tako bodo v enem vozli\u0161\u010du zajete vse potrebe in zbrane vse aktivnosti.<\/p>\n<p>[\/vc_column_text][vc_column_text el_class=&#8221;parrafo&#8221;]<\/p>\n<p style=\"text-align: center;\"><strong><b>NASLAVLJALI BOMO POVPRA\u0160EVANJA INDUSTRIJE IN PREDLAGALI NOVA INTERESNA PODRO\u010cJA!<\/b><\/strong><\/p>\n<p>[\/vc_column_text][vc_empty_space height=&#8221;30&#8243;][\/vc_column][vc_column width=&#8221;1\/6&#8243; offset=&#8221;vc_hidden-sm vc_hidden-xs&#8221;][\/vc_column][\/vc_row][vc_row css=&#8221;.vc_custom_1613386615239{background-color: #ffffff !important;}&#8221; animation_type=&#8221;fadeOut&#8221;][vc_column width=&#8221;1\/6&#8243; offset=&#8221;vc_hidden-sm vc_hidden-xs&#8221;][\/vc_column][vc_column width=&#8221;2\/3&#8243;][vc_empty_space height=&#8221;40&#8243;][vc_column_text]Na\u0161 svetovalni odbor za upravljanje bo identificiral najbolj kriti\u010dne potrebe industrije in trende na trgu, kar bo zagotavljajo trajnostno in uveljavljeno kontinuiteto inovacijskega vozli\u0161\u010da! V ta namen bomo razvili strategijo dostopa na trg za identifikacijo potreb industrije in dele\u017enikov po pridobivanju novih strank, na podlagi tega pa bomo nato ustrezno razvili poslovni na\u010drt![\/vc_column_text][vc_empty_space height=&#8221;30&#8243;][\/vc_column][vc_column width=&#8221;1\/6&#8243; offset=&#8221;vc_hidden-sm vc_hidden-xs&#8221;][\/vc_column][\/vc_row][vc_row css=&#8221;.vc_custom_1613386620829{background-color: #f4f4f4 !important;}&#8221; animation_type=&#8221;fadeIn&#8221;][vc_column width=&#8221;1\/6&#8243; offset=&#8221;vc_hidden-sm vc_hidden-xs&#8221;][\/vc_column][vc_column width=&#8221;2\/6&#8243;][vc_empty_space height=&#8221;50&#8243;][vc_single_image image=&#8221;3698&#8243; img_size=&#8221;438X543&#8243; alignment=&#8221;center&#8221;][\/vc_column][vc_column width=&#8221;2\/6&#8243;][vc_empty_space height=&#8221;50&#8243;][vc_column_text el_class=&#8221;parrafo&#8221;]<strong>Nudimo:<\/strong><\/p>\n<ul>\n<li>Izobra\u017eevanje na podro\u010dju koloidne biologije<\/li>\n<li>Specializirane raziskave na podro\u010dju interakcij celic s celi\u010dnimi povr\u0161inami uporabljene pri razvoju novih biolo\u0161kih izdelkov<\/li>\n<li>Storitve skupne ocene<\/li>\n<li>Dostop do usposobljenih strokovnjakov in raziskovalcev prek na\u0161e storitve CRM<\/li>\n<li>Analiza, povezana z varnostjo<\/li>\n<li>Pove\u010dana produktivnost na podro\u010dju proizvodov na biolo\u0161ki osnovi<\/li>\n<li>Implementacija paradigme kro\u017enega gospodarstva v industrijskih procesih<\/li>\n<li>Storitve mre\u017eenja<\/li>\n<\/ul>\n<p>[\/vc_column_text][vc_column_text el_class=&#8221;parrafo&#8221;]<strong>Dejavni smo na naslednjih podro\u010djih:<\/strong><\/p>\n<ul>\n<li>Kmetijstvo<\/li>\n<li>Hrana<\/li>\n<li>Zdravje<\/li>\n<li>Napredni materiali<\/li>\n<\/ul>\n<p>[\/vc_column_text][vc_empty_space height=&#8221;30&#8243;][\/vc_column][vc_column width=&#8221;1\/6&#8243; offset=&#8221;vc_hidden-sm vc_hidden-xs&#8221;][\/vc_column][\/vc_row][vc_row css=&#8221;.vc_custom_1613386625980{background-color: #ffffff !important;}&#8221; animation_type=&#8221;bounceIn&#8221;][vc_column width=&#8221;1\/6&#8243; offset=&#8221;vc_hidden-sm vc_hidden-xs&#8221;][\/vc_column][vc_column width=&#8221;2\/3&#8243;][vc_empty_space height=&#8221;60px&#8221;][vc_custom_heading text=&#8221;<b>KONTAKTIRAJ NAS<\/b>&#8221; font_container=&#8221;tag:h1|text_align:center&#8221; use_theme_fonts=&#8221;yes&#8221; css=&#8221;.vc_custom_1649244332984{margin-bottom: 20px !important;}&#8221;][vc_column_text css=&#8221;.vc_custom_1617129481503{margin-top: 40px !important;}&#8221;]Ste doktorski(-ka) \u0161tudent(-ka) ali vi\u0161ji(-ja) raziskovalec(-ka) in bi se radi vklju\u010dili v na\u0161e inovacijsko vozli\u0161\u010de? Ne oklevajte in nam po\u0161ljite sporo\u010dilo![\/vc_column_text][vc_column_text css=&#8221;.vc_custom_1617129490007{margin-top: 40px !important;}&#8221;]Ste strokovnjak(-inja) na podro\u010dju industrije, MSP ali \u010dlani(-ca) organa za standardizacijo in vas zanima, kaj vam nudi na\u0161e vozli\u0161\u010de? Stopite v stik z nami![\/vc_column_text][vc_tta_tabs][vc_tta_section title=&#8221;PhD Student&#8221; tab_id=&#8221;1613047768954-891102cd-90c9b205-6413&#8243;]\n<div class=\"wpcf7 no-js\" id=\"wpcf7-f2925-o1\" lang=\"en-US\" dir=\"ltr\" data-wpcf7-id=\"2925\">\n<div class=\"screen-reader-response\"><p role=\"status\" aria-live=\"polite\" aria-atomic=\"true\"><\/p> <ul><\/ul><\/div>\n<form action=\"\/sl\/wp-json\/wp\/v2\/pages\/2686#wpcf7-f2925-o1\" method=\"post\" class=\"wpcf7-form init\" aria-label=\"Contact form\" novalidate=\"novalidate\" data-status=\"init\">\n<fieldset class=\"hidden-fields-container\"><input type=\"hidden\" name=\"_wpcf7\" value=\"2925\" \/><input type=\"hidden\" name=\"_wpcf7_version\" value=\"6.1.3\" \/><input type=\"hidden\" name=\"_wpcf7_locale\" value=\"en_US\" \/><input type=\"hidden\" name=\"_wpcf7_unit_tag\" value=\"wpcf7-f2925-o1\" \/><input type=\"hidden\" name=\"_wpcf7_container_post\" value=\"0\" \/><input type=\"hidden\" name=\"_wpcf7_posted_data_hash\" value=\"\" \/>\n<\/fieldset>\n<div class=\"row form-row\">\n\t<div class=\"col-lg-6\">\n\t\t<div class=\"form-group\">\n\t\t\t<p><label for=\"contact-name\" class=\"font-weight-bold text-dark\">Ime in Priimek *<\/label><br \/>\n<span class=\"wpcf7-form-control-wrap\" data-name=\"your-name\"><input size=\"40\" maxlength=\"400\" class=\"wpcf7-form-control wpcf7-text wpcf7-validates-as-required form-control\" id=\"contact-name\" aria-required=\"true\" aria-invalid=\"false\" value=\"\" type=\"text\" name=\"your-name\" \/><\/span>\n\t\t\t<\/p>\n\t\t<\/div>\n\t<\/div>\n\t<div class=\"col-lg-6\">\n\t\t<div class=\"form-group\">\n\t\t\t<p><label for=\"contact-email\" class=\"font-weight-bold text-dark\">Va\u0161 elektronski naslov *<\/label><br \/>\n<span class=\"wpcf7-form-control-wrap\" data-name=\"your-email\"><input size=\"40\" maxlength=\"400\" class=\"wpcf7-form-control wpcf7-email wpcf7-validates-as-required wpcf7-text wpcf7-validates-as-email form-control\" id=\"contact-email\" aria-required=\"true\" aria-invalid=\"false\" value=\"\" type=\"email\" name=\"your-email\" \/><\/span>\n\t\t\t<\/p>\n\t\t<\/div>\n\t<\/div>\n\t<div class=\"col-lg-12\">\n\t\t<div class=\"form-group\">\n\t\t\t<p><label for=\"contact-subject\" class=\"font-weight-bold text-dark\">Predmet sporo\u010dila<\/label><br \/>\n<span class=\"wpcf7-form-control-wrap\" data-name=\"your-subject\"><input size=\"40\" maxlength=\"400\" class=\"wpcf7-form-control wpcf7-text form-control\" id=\"contact-subject\" aria-invalid=\"false\" value=\"\" type=\"text\" name=\"your-subject\" \/><\/span>\n\t\t\t<\/p>\n\t\t<\/div>\n\t<\/div>\n\t<div class=\"col-lg-12\">\n\t\t<div class=\"form-group\">\n\t\t\t<p><label for=\"contact-message\" class=\"font-weight-bold text-dark\">Vsebina tvojega sporo\u010dila<\/label><br \/>\n<span class=\"wpcf7-form-control-wrap\" data-name=\"your-message\"><textarea cols=\"40\" rows=\"10\" maxlength=\"2000\" class=\"wpcf7-form-control wpcf7-textarea estilotextarea\" id=\"contact-message-2\" aria-invalid=\"false\" name=\"your-message\"><\/textarea><\/span>\n\t\t\t<\/p>\n\t\t<\/div>\n\t<\/div>\n\t<div class=\"field-label\">\n\t\t<p><span class=\"wpcf7-form-control-wrap\" data-name=\"acceptance-771\"><span class=\"wpcf7-form-control wpcf7-acceptance\"><span class=\"wpcf7-list-item\"><input type=\"checkbox\" name=\"acceptance-771\" value=\"1\" aria-invalid=\"false\" \/><\/span><\/span><\/span> Strinjam se in sprejemam <a href=\"\/sl\/politika-zasebnosti\/\">politiko zasebnosti* <\/a>\n\t\t<\/p>\n\t<\/div>\n<hr \/>\n\t<div class=\"col-lg-12\">\n\t\t<div class=\"form-group\">\n\t\t\t<p><input class=\"wpcf7-form-control wpcf7-submit has-spinner botonpersonalizado\" type=\"submit\" value=\"Po\u0161lji sporo\u010dilo\" \/>\n\t\t\t<\/p>\n\t\t<\/div>\n\t<\/div>\n<\/div><div class=\"wpcf7-response-output\" aria-hidden=\"true\"><\/div>\n<\/form>\n<\/div>\n[\/vc_tta_section][vc_tta_section title=&#8221;Senior Research&#8221; tab_id=&#8221;1613046426021-d6a2d147-bad6b205-6413&#8243;]\n<div class=\"wpcf7 no-js\" id=\"wpcf7-f2926-o2\" lang=\"en-US\" dir=\"ltr\" data-wpcf7-id=\"2926\">\n<div class=\"screen-reader-response\"><p role=\"status\" aria-live=\"polite\" aria-atomic=\"true\"><\/p> <ul><\/ul><\/div>\n<form action=\"\/sl\/wp-json\/wp\/v2\/pages\/2686#wpcf7-f2926-o2\" method=\"post\" class=\"wpcf7-form init\" aria-label=\"Contact form\" novalidate=\"novalidate\" data-status=\"init\">\n<fieldset class=\"hidden-fields-container\"><input type=\"hidden\" name=\"_wpcf7\" value=\"2926\" \/><input type=\"hidden\" name=\"_wpcf7_version\" value=\"6.1.3\" \/><input type=\"hidden\" name=\"_wpcf7_locale\" value=\"en_US\" \/><input type=\"hidden\" name=\"_wpcf7_unit_tag\" value=\"wpcf7-f2926-o2\" \/><input type=\"hidden\" name=\"_wpcf7_container_post\" value=\"0\" \/><input type=\"hidden\" name=\"_wpcf7_posted_data_hash\" value=\"\" \/>\n<\/fieldset>\n<div class=\"row form-row\">\n\t<div class=\"col-lg-6\">\n\t\t<div class=\"form-group\">\n\t\t\t<p><label for=\"contact-name\" class=\"font-weight-bold text-dark\">Ime in Priimek *<\/label><br \/>\n<span class=\"wpcf7-form-control-wrap\" data-name=\"your-name\"><input size=\"40\" maxlength=\"400\" class=\"wpcf7-form-control wpcf7-text wpcf7-validates-as-required form-control\" aria-required=\"true\" aria-invalid=\"false\" value=\"\" type=\"text\" name=\"your-name\" \/><\/span>\n\t\t\t<\/p>\n\t\t<\/div>\n\t<\/div>\n\t<div class=\"col-lg-6\">\n\t\t<div class=\"form-group\">\n\t\t\t<p><label for=\"contact-email\" class=\"font-weight-bold text-dark\">Va\u0161 elektronski naslov *<\/label><br \/>\n<span class=\"wpcf7-form-control-wrap\" data-name=\"your-email\"><input size=\"40\" maxlength=\"400\" class=\"wpcf7-form-control wpcf7-email wpcf7-validates-as-required wpcf7-text wpcf7-validates-as-email form-control\" aria-required=\"true\" aria-invalid=\"false\" value=\"\" type=\"email\" name=\"your-email\" \/><\/span>\n\t\t\t<\/p>\n\t\t<\/div>\n\t<\/div>\n\t<div class=\"col-lg-12\">\n\t\t<div class=\"form-group\">\n\t\t\t<p><label for=\"contact-subject\" class=\"font-weight-bold text-dark\">Predmet sporo\u010dila<\/label><br \/>\n<span class=\"wpcf7-form-control-wrap\" data-name=\"your-subject\"><input size=\"40\" maxlength=\"400\" class=\"wpcf7-form-control wpcf7-text form-control\" aria-invalid=\"false\" value=\"\" type=\"text\" name=\"your-subject\" \/><\/span>\n\t\t\t<\/p>\n\t\t<\/div>\n\t<\/div>\n\t<div class=\"col-lg-12\">\n\t\t<div class=\"form-group\">\n\t\t\t<p><label for=\"contact-message\" class=\"font-weight-bold text-dark\">Vsebina tvojega sporo\u010dila<\/label><br \/>\n<span class=\"wpcf7-form-control-wrap\" data-name=\"your-message\"><textarea cols=\"40\" rows=\"10\" maxlength=\"2000\" class=\"wpcf7-form-control wpcf7-textarea estilotextarea\" aria-invalid=\"false\" name=\"your-message\"><\/textarea><\/span>\n\t\t\t<\/p>\n\t\t<\/div>\n\t<\/div>\n\t<div class=\"field-label\">\n\t\t<p><span class=\"wpcf7-form-control-wrap\" data-name=\"acceptance-771\"><span class=\"wpcf7-form-control wpcf7-acceptance\"><span class=\"wpcf7-list-item\"><input type=\"checkbox\" name=\"acceptance-771\" value=\"1\" aria-invalid=\"false\" \/><\/span><\/span><\/span> Strinjam se in sprejemam <a href=\"\/sl\/politika-zasebnosti\/\">politiko zasebnosti* <\/a>\n\t\t<\/p>\n\t<\/div>\n<hr \/>\n\t<div class=\"col-lg-12\">\n\t\t<div class=\"form-group\">\n\t\t\t<p><input class=\"wpcf7-form-control wpcf7-submit has-spinner botonpersonalizado\" type=\"submit\" value=\"Po\u0161lji sporo\u010dilo\" \/>\n\t\t\t<\/p>\n\t\t<\/div>\n\t<\/div>\n<\/div><div class=\"wpcf7-response-output\" aria-hidden=\"true\"><\/div>\n<\/form>\n<\/div>\n[\/vc_tta_section][vc_tta_section title=&#8221;Industrial Professional&#8221; tab_id=&#8221;1613049635585-0b911578-d0e5b205-6413&#8243;]\n<div class=\"wpcf7 no-js\" id=\"wpcf7-f2927-o3\" lang=\"en-US\" dir=\"ltr\" data-wpcf7-id=\"2927\">\n<div class=\"screen-reader-response\"><p role=\"status\" aria-live=\"polite\" aria-atomic=\"true\"><\/p> <ul><\/ul><\/div>\n<form action=\"\/sl\/wp-json\/wp\/v2\/pages\/2686#wpcf7-f2927-o3\" method=\"post\" class=\"wpcf7-form init\" aria-label=\"Contact form\" novalidate=\"novalidate\" data-status=\"init\">\n<fieldset class=\"hidden-fields-container\"><input type=\"hidden\" name=\"_wpcf7\" value=\"2927\" \/><input type=\"hidden\" name=\"_wpcf7_version\" value=\"6.1.3\" \/><input type=\"hidden\" name=\"_wpcf7_locale\" value=\"en_US\" \/><input type=\"hidden\" name=\"_wpcf7_unit_tag\" value=\"wpcf7-f2927-o3\" \/><input type=\"hidden\" name=\"_wpcf7_container_post\" value=\"0\" \/><input type=\"hidden\" name=\"_wpcf7_posted_data_hash\" value=\"\" \/>\n<\/fieldset>\n<div class=\"row form-row\">\n\t<div class=\"col-lg-6\">\n\t\t<div class=\"form-group\">\n\t\t\t<p><label for=\"contact-name\" class=\"font-weight-bold text-dark\">Ime in Priimek *<\/label><br \/>\n<span class=\"wpcf7-form-control-wrap\" data-name=\"your-name\"><input size=\"40\" maxlength=\"400\" class=\"wpcf7-form-control wpcf7-text wpcf7-validates-as-required form-control\" aria-required=\"true\" aria-invalid=\"false\" value=\"\" type=\"text\" name=\"your-name\" \/><\/span>\n\t\t\t<\/p>\n\t\t<\/div>\n\t<\/div>\n\t<div class=\"col-lg-6\">\n\t\t<div class=\"form-group\">\n\t\t\t<p><label for=\"contact-email\" class=\"font-weight-bold text-dark\">Va\u0161 elektronski naslov *<\/label><br \/>\n<span class=\"wpcf7-form-control-wrap\" data-name=\"your-email\"><input size=\"40\" maxlength=\"400\" class=\"wpcf7-form-control wpcf7-email wpcf7-validates-as-required wpcf7-text wpcf7-validates-as-email form-control\" aria-required=\"true\" aria-invalid=\"false\" value=\"\" type=\"email\" name=\"your-email\" \/><\/span>\n\t\t\t<\/p>\n\t\t<\/div>\n\t<\/div>\n\t<div class=\"col-lg-12\">\n\t\t<div class=\"form-group\">\n\t\t\t<p><label for=\"contact-subject\" class=\"font-weight-bold text-dark\">Predmet sporo\u010dila<\/label><br \/>\n<span class=\"wpcf7-form-control-wrap\" data-name=\"your-subject\"><input size=\"40\" maxlength=\"400\" class=\"wpcf7-form-control wpcf7-text form-control\" aria-invalid=\"false\" value=\"\" type=\"text\" name=\"your-subject\" \/><\/span>\n\t\t\t<\/p>\n\t\t<\/div>\n\t<\/div>\n\t<div class=\"col-lg-12\">\n\t\t<div class=\"form-group\">\n\t\t\t<p><label for=\"contact-message\" class=\"font-weight-bold text-dark\">Vsebina tvojega sporo\u010dila<\/label><br \/>\n<span class=\"wpcf7-form-control-wrap\" data-name=\"your-message\"><textarea cols=\"40\" rows=\"10\" maxlength=\"2000\" class=\"wpcf7-form-control wpcf7-textarea estilotextarea\" aria-invalid=\"false\" name=\"your-message\"><\/textarea><\/span>\n\t\t\t<\/p>\n\t\t<\/div>\n\t<\/div>\n\t<div class=\"field-label\">\n\t\t<p><span class=\"wpcf7-form-control-wrap\" data-name=\"acceptance-771\"><span class=\"wpcf7-form-control wpcf7-acceptance\"><span class=\"wpcf7-list-item\"><input type=\"checkbox\" name=\"acceptance-771\" value=\"1\" aria-invalid=\"false\" \/><\/span><\/span><\/span> Strinjam se in sprejemam <a href=\"\/sl\/politika-zasebnosti\/\">politiko zasebnosti* <\/a>\n\t\t<\/p>\n\t<\/div>\n<hr \/>\n\t<div class=\"col-lg-12\">\n\t\t<div class=\"form-group\">\n\t\t\t<p><input class=\"wpcf7-form-control wpcf7-submit has-spinner botonpersonalizado\" type=\"submit\" value=\"Po\u0161lji sporo\u010dilo\" \/>\n\t\t\t<\/p>\n\t\t<\/div>\n\t<\/div>\n<\/div><div class=\"wpcf7-response-output\" aria-hidden=\"true\"><\/div>\n<\/form>\n<\/div>\n[\/vc_tta_section][vc_tta_section title=&#8221;SME&#8221; tab_id=&#8221;1613049654805-8db3ebc8-f4deb205-6413&#8243;]\n<div class=\"wpcf7 no-js\" id=\"wpcf7-f2928-o4\" lang=\"en-US\" dir=\"ltr\" data-wpcf7-id=\"2928\">\n<div class=\"screen-reader-response\"><p role=\"status\" aria-live=\"polite\" aria-atomic=\"true\"><\/p> <ul><\/ul><\/div>\n<form action=\"\/sl\/wp-json\/wp\/v2\/pages\/2686#wpcf7-f2928-o4\" method=\"post\" class=\"wpcf7-form init\" aria-label=\"Contact form\" novalidate=\"novalidate\" data-status=\"init\">\n<fieldset class=\"hidden-fields-container\"><input type=\"hidden\" name=\"_wpcf7\" value=\"2928\" \/><input type=\"hidden\" name=\"_wpcf7_version\" value=\"6.1.3\" \/><input type=\"hidden\" name=\"_wpcf7_locale\" value=\"en_US\" \/><input type=\"hidden\" name=\"_wpcf7_unit_tag\" value=\"wpcf7-f2928-o4\" \/><input type=\"hidden\" name=\"_wpcf7_container_post\" value=\"0\" \/><input type=\"hidden\" name=\"_wpcf7_posted_data_hash\" value=\"\" \/>\n<\/fieldset>\n<div class=\"row form-row\">\n\t<div class=\"col-lg-6\">\n\t\t<div class=\"form-group\">\n\t\t\t<p><label for=\"contact-name\" class=\"font-weight-bold text-dark\">Ime in Priimek *<\/label><br \/>\n<span class=\"wpcf7-form-control-wrap\" data-name=\"your-name\"><input size=\"40\" maxlength=\"400\" class=\"wpcf7-form-control wpcf7-text wpcf7-validates-as-required form-control\" aria-required=\"true\" aria-invalid=\"false\" value=\"\" type=\"text\" name=\"your-name\" \/><\/span>\n\t\t\t<\/p>\n\t\t<\/div>\n\t<\/div>\n\t<div class=\"col-lg-6\">\n\t\t<div class=\"form-group\">\n\t\t\t<p><label for=\"contact-email\" class=\"font-weight-bold text-dark\">Va\u0161 elektronski naslov *<\/label><br \/>\n<span class=\"wpcf7-form-control-wrap\" data-name=\"your-email\"><input size=\"40\" maxlength=\"400\" class=\"wpcf7-form-control wpcf7-email wpcf7-validates-as-required wpcf7-text wpcf7-validates-as-email form-control\" aria-required=\"true\" aria-invalid=\"false\" value=\"\" type=\"email\" name=\"your-email\" \/><\/span>\n\t\t\t<\/p>\n\t\t<\/div>\n\t<\/div>\n\t<div class=\"col-lg-12\">\n\t\t<div class=\"form-group\">\n\t\t\t<p><label for=\"contact-subject\" class=\"font-weight-bold text-dark\">Predmet sporo\u010dila<\/label><br \/>\n<span class=\"wpcf7-form-control-wrap\" data-name=\"your-subject\"><input size=\"40\" maxlength=\"400\" class=\"wpcf7-form-control wpcf7-text form-control\" aria-invalid=\"false\" value=\"\" type=\"text\" name=\"your-subject\" \/><\/span>\n\t\t\t<\/p>\n\t\t<\/div>\n\t<\/div>\n\t<div class=\"col-lg-12\">\n\t\t<div class=\"form-group\">\n\t\t\t<p><label for=\"contact-message\" class=\"font-weight-bold text-dark\">Vsebina tvojega sporo\u010dila<\/label><br \/>\n<span class=\"wpcf7-form-control-wrap\" data-name=\"your-message\"><textarea cols=\"40\" rows=\"10\" maxlength=\"2000\" class=\"wpcf7-form-control wpcf7-textarea estilotextarea\" aria-invalid=\"false\" name=\"your-message\"><\/textarea><\/span>\n\t\t\t<\/p>\n\t\t<\/div>\n\t<\/div>\n\t<div class=\"field-label\">\n\t\t<p><span class=\"wpcf7-form-control-wrap\" data-name=\"acceptance-771\"><span class=\"wpcf7-form-control wpcf7-acceptance\"><span class=\"wpcf7-list-item\"><input type=\"checkbox\" name=\"acceptance-771\" value=\"1\" aria-invalid=\"false\" \/><\/span><\/span><\/span> Strinjam se in sprejemam <a href=\"\/sl\/politika-zasebnosti\/\">politiko zasebnosti* <\/a>\n\t\t<\/p>\n\t<\/div>\n<hr \/>\n\t<div class=\"col-lg-12\">\n\t\t<div class=\"form-group\">\n\t\t\t<p><input class=\"wpcf7-form-control wpcf7-submit has-spinner botonpersonalizado\" type=\"submit\" value=\"Po\u0161lji sporo\u010dilo\" \/>\n\t\t\t<\/p>\n\t\t<\/div>\n\t<\/div>\n<\/div><div class=\"wpcf7-response-output\" aria-hidden=\"true\"><\/div>\n<\/form>\n<\/div>\n[\/vc_tta_section][vc_tta_section title=&#8221;Standarization Body Member&#8221; tab_id=&#8221;1613049663282-283a4f73-f299b205-6413&#8243;]\n<div class=\"wpcf7 no-js\" id=\"wpcf7-f2929-o5\" lang=\"en-US\" dir=\"ltr\" data-wpcf7-id=\"2929\">\n<div class=\"screen-reader-response\"><p role=\"status\" aria-live=\"polite\" aria-atomic=\"true\"><\/p> <ul><\/ul><\/div>\n<form action=\"\/sl\/wp-json\/wp\/v2\/pages\/2686#wpcf7-f2929-o5\" method=\"post\" class=\"wpcf7-form init\" aria-label=\"Contact form\" novalidate=\"novalidate\" data-status=\"init\">\n<fieldset class=\"hidden-fields-container\"><input type=\"hidden\" name=\"_wpcf7\" value=\"2929\" \/><input type=\"hidden\" name=\"_wpcf7_version\" value=\"6.1.3\" \/><input type=\"hidden\" name=\"_wpcf7_locale\" value=\"en_US\" \/><input type=\"hidden\" name=\"_wpcf7_unit_tag\" value=\"wpcf7-f2929-o5\" \/><input type=\"hidden\" name=\"_wpcf7_container_post\" value=\"0\" \/><input type=\"hidden\" name=\"_wpcf7_posted_data_hash\" value=\"\" \/>\n<\/fieldset>\n<div class=\"row form-row\">\n\t<div class=\"col-lg-6\">\n\t\t<div class=\"form-group\">\n\t\t\t<p><label for=\"contact-name\" class=\"font-weight-bold text-dark\">Ime in Priimek *<\/label><br \/>\n<span class=\"wpcf7-form-control-wrap\" data-name=\"your-name\"><input size=\"40\" maxlength=\"400\" class=\"wpcf7-form-control wpcf7-text wpcf7-validates-as-required form-control\" aria-required=\"true\" aria-invalid=\"false\" value=\"\" type=\"text\" name=\"your-name\" \/><\/span>\n\t\t\t<\/p>\n\t\t<\/div>\n\t<\/div>\n\t<div class=\"col-lg-6\">\n\t\t<div class=\"form-group\">\n\t\t\t<p><label for=\"contact-email\" class=\"font-weight-bold text-dark\">Va\u0161 elektronski naslov *<\/label><br \/>\n<span class=\"wpcf7-form-control-wrap\" data-name=\"your-email\"><input size=\"40\" maxlength=\"400\" class=\"wpcf7-form-control wpcf7-email wpcf7-validates-as-required wpcf7-text wpcf7-validates-as-email form-control\" aria-required=\"true\" aria-invalid=\"false\" value=\"\" type=\"email\" name=\"your-email\" \/><\/span>\n\t\t\t<\/p>\n\t\t<\/div>\n\t<\/div>\n\t<div class=\"col-lg-12\">\n\t\t<div class=\"form-group\">\n\t\t\t<p><label for=\"contact-subject\" class=\"font-weight-bold text-dark\">Predmet sporo\u010dila<\/label><br \/>\n<span class=\"wpcf7-form-control-wrap\" data-name=\"your-subject\"><input size=\"40\" maxlength=\"400\" class=\"wpcf7-form-control wpcf7-text form-control\" aria-invalid=\"false\" value=\"\" type=\"text\" name=\"your-subject\" \/><\/span>\n\t\t\t<\/p>\n\t\t<\/div>\n\t<\/div>\n\t<div class=\"col-lg-12\">\n\t\t<div class=\"form-group\">\n\t\t\t<p><label for=\"contact-message\" class=\"font-weight-bold text-dark\">Vsebina tvojega sporo\u010dila<\/label><br \/>\n<span class=\"wpcf7-form-control-wrap\" data-name=\"your-message\"><textarea cols=\"40\" rows=\"10\" maxlength=\"2000\" class=\"wpcf7-form-control wpcf7-textarea estilotextarea\" aria-invalid=\"false\" name=\"your-message\"><\/textarea><\/span>\n\t\t\t<\/p>\n\t\t<\/div>\n\t<\/div>\n\t<div class=\"field-label\">\n\t\t<p><span class=\"wpcf7-form-control-wrap\" data-name=\"acceptance-771\"><span class=\"wpcf7-form-control wpcf7-acceptance\"><span class=\"wpcf7-list-item\"><input type=\"checkbox\" name=\"acceptance-771\" value=\"1\" aria-invalid=\"false\" \/><\/span><\/span><\/span> Strinjam se in sprejemam <a href=\"\/sl\/politika-zasebnosti\/\">politiko zasebnosti* <\/a>\n\t\t<\/p>\n\t<\/div>\n<hr \/>\n\t<div class=\"col-lg-12\">\n\t\t<div class=\"form-group\">\n\t\t\t<p><input class=\"wpcf7-form-control wpcf7-submit has-spinner botonpersonalizado\" type=\"submit\" value=\"Po\u0161lji sporo\u010dilo\" \/>\n\t\t\t<\/p>\n\t\t<\/div>\n\t<\/div>\n<\/div><div class=\"wpcf7-response-output\" aria-hidden=\"true\"><\/div>\n<\/form>\n<\/div>\n[\/vc_tta_section][\/vc_tta_tabs][vc_empty_space height=&#8221;60px&#8221;][\/vc_column][vc_column width=&#8221;1\/6&#8243; offset=&#8221;vc_hidden-sm vc_hidden-xs&#8221;][\/vc_column][\/vc_row]<\/p>\n","protected":false},"excerpt":{"rendered":"<p>[vc_row css=&#8221;.vc_custom_1613386608008{background-color: #f4f4f4 !important;}&#8221; animation_type=&#8221;fadeIn&#8221;][vc_column width=&#8221;1\/6&#8243; offset=&#8221;vc_hidden-sm vc_hidden-xs&#8221;][\/vc_column][vc_column width=&#8221;2\/3&#8243;][vc_empty_space height=&#8221;50&#8243;][vc_column_text el_class=&#8221;parrafo&#8221;] Inovacijsko vozli\u0161\u010de bo zagotovilo veliko novih, v panogo usmerjenih raziskovalnih storitev, ki bodo odprte za industrijo in institucije, tako bodo v enem vozli\u0161\u010du zajete vse potrebe in zbrane vse aktivnosti. [\/vc_column_text][vc_column_text el_class=&#8221;parrafo&#8221;] NASLAVLJALI BOMO POVPRA\u0160EVANJA INDUSTRIJE IN PREDLAGALI NOVA INTERESNA PODRO\u010cJA! [\/vc_column_text][vc_empty_space height=&#8221;30&#8243;][\/vc_column][vc_column width=&#8221;1\/6&#8243; [&hellip;]<\/p>\n","protected":false},"author":1,"featured_media":0,"parent":0,"menu_order":0,"comment_status":"closed","ping_status":"closed","template":"","meta":{"footnotes":""},"class_list":["post-2686","page","type-page","status-publish","hentry"],"_links":{"self":[{"href":"https:\/\/surfbio.eu\/sl\/wp-json\/wp\/v2\/pages\/2686","targetHints":{"allow":["GET"]}}],"collection":[{"href":"https:\/\/surfbio.eu\/sl\/wp-json\/wp\/v2\/pages"}],"about":[{"href":"https:\/\/surfbio.eu\/sl\/wp-json\/wp\/v2\/types\/page"}],"author":[{"embeddable":true,"href":"https:\/\/surfbio.eu\/sl\/wp-json\/wp\/v2\/users\/1"}],"replies":[{"embeddable":true,"href":"https:\/\/surfbio.eu\/sl\/wp-json\/wp\/v2\/comments?post=2686"}],"version-history":[{"count":7,"href":"https:\/\/surfbio.eu\/sl\/wp-json\/wp\/v2\/pages\/2686\/revisions"}],"predecessor-version":[{"id":3724,"href":"https:\/\/surfbio.eu\/sl\/wp-json\/wp\/v2\/pages\/2686\/revisions\/3724"}],"wp:attachment":[{"href":"https:\/\/surfbio.eu\/sl\/wp-json\/wp\/v2\/media?parent=2686"}],"curies":[{"name":"wp","href":"https:\/\/api.w.org\/{rel}","templated":true}]}}