{"id":2678,"date":"2021-02-11T14:23:12","date_gmt":"2021-02-11T14:23:12","guid":{"rendered":"https:\/\/surfbio.eu\/industrial-board\/"},"modified":"2022-04-07T07:35:08","modified_gmt":"2022-04-07T07:35:08","slug":"industrijski-odbor","status":"publish","type":"page","link":"https:\/\/surfbio.eu\/sl\/industrijski-odbor\/","title":{"rendered":"Industrijski Odbor"},"content":{"rendered":"<p>[vc_row wrap_container=&#8221;yes&#8221; is_section=&#8221;yes&#8221; remove_margin_top=&#8221;yes&#8221; remove_margin_bottom=&#8221;yes&#8221; remove_border=&#8221;yes&#8221; el_class=&#8221;p-t-xxl row-align-items-center&#8221; animation_type=&#8221;fadeIn&#8221;][vc_column offset=&#8221;vc_col-md-6&#8243; el_class=&#8221;pr-lg-5 mb-sm-5 mb-lg-0&#8243;][vc_custom_heading text=&#8221;<b>SURFBIO<\/b>&#8221; font_container=&#8221;tag:h1|text_align:center|line_height:1&#8243; use_theme_fonts=&#8221;yes&#8221; el_class=&#8221;mb-3&#8243;][vc_column_text]bo vplival na \u0161tevilne klju\u010dne industrijske panoge, kot so farmacevtski\/biotehni\u010dni sektor, zdravstveni sektor, proizvodnja in predelava hrane ter upravljanje voda. Vpliv inovacijskega vozli\u0161\u010da SURFBIO na podatke za posamezne industrije bo zagotovljen s tesnim sodelovanjem z industrijskim odborom.<\/p>\n<p>Preverite, kdo so na\u0161i podporni subjekti![\/vc_column_text][\/vc_column][vc_column width=&#8221;1\/2&#8243; offset=&#8221;vc_col-md-offset-2 vc_col-md-4 vc_col-sm-offset-4&#8243; el_class=&#8221;col-sm-8 offset-sm-5 mt-sm-5 pt-sm-5&#8243;][vc_single_image image=&#8221;2681&#8243; img_size=&#8221;full&#8221; animation_delay=&#8221;300&#8243; css_animation=&#8221;none&#8221; el_class=&#8221;position-absolute d-none d-sm-block&#8221; css=&#8221;.vc_custom_1614251923746{margin-top: 10% !important;margin-left: -54% !important;}&#8221; animation_type=&#8221;zoomIn&#8221;][vc_single_image image=&#8221;2682&#8243; img_size=&#8221;full&#8221; animation_delay=&#8221;100&#8243; el_class=&#8221;position-absolute d-none d-sm-block&#8221; css=&#8221;.vc_custom_1614251905663{margin-top: -26% !important;margin-left: -33% !important;}&#8221; animation_type=&#8221;zoomIn&#8221;][vc_single_image image=&#8221;2679&#8243; img_size=&#8221;full&#8221; animation_delay=&#8221;600&#8243; el_class=&#8221;position-relative mb-0&#8243; animation_type=&#8221;zoomIn&#8221;][\/vc_column][\/vc_row]<\/p>\n","protected":false},"excerpt":{"rendered":"<p>[vc_row wrap_container=&#8221;yes&#8221; is_section=&#8221;yes&#8221; remove_margin_top=&#8221;yes&#8221; remove_margin_bottom=&#8221;yes&#8221; remove_border=&#8221;yes&#8221; el_class=&#8221;p-t-xxl row-align-items-center&#8221; animation_type=&#8221;fadeIn&#8221;][vc_column offset=&#8221;vc_col-md-6&#8243; el_class=&#8221;pr-lg-5 mb-sm-5 mb-lg-0&#8243;][vc_custom_heading text=&#8221;SURFBIO&#8221; font_container=&#8221;tag:h1|text_align:center|line_height:1&#8243; use_theme_fonts=&#8221;yes&#8221; el_class=&#8221;mb-3&#8243;][vc_column_text]bo vplival na \u0161tevilne klju\u010dne industrijske panoge, kot so farmacevtski\/biotehni\u010dni sektor, zdravstveni sektor, proizvodnja in predelava hrane ter upravljanje voda. Vpliv inovacijskega vozli\u0161\u010da SURFBIO na podatke za posamezne industrije bo zagotovljen s tesnim sodelovanjem z industrijskim odborom. Preverite, kdo [&hellip;]<\/p>\n","protected":false},"author":1,"featured_media":0,"parent":0,"menu_order":0,"comment_status":"closed","ping_status":"closed","template":"","meta":{"footnotes":""},"class_list":["post-2678","page","type-page","status-publish","hentry"],"_links":{"self":[{"href":"https:\/\/surfbio.eu\/sl\/wp-json\/wp\/v2\/pages\/2678","targetHints":{"allow":["GET"]}}],"collection":[{"href":"https:\/\/surfbio.eu\/sl\/wp-json\/wp\/v2\/pages"}],"about":[{"href":"https:\/\/surfbio.eu\/sl\/wp-json\/wp\/v2\/types\/page"}],"author":[{"embeddable":true,"href":"https:\/\/surfbio.eu\/sl\/wp-json\/wp\/v2\/users\/1"}],"replies":[{"embeddable":true,"href":"https:\/\/surfbio.eu\/sl\/wp-json\/wp\/v2\/comments?post=2678"}],"version-history":[{"count":5,"href":"https:\/\/surfbio.eu\/sl\/wp-json\/wp\/v2\/pages\/2678\/revisions"}],"predecessor-version":[{"id":3723,"href":"https:\/\/surfbio.eu\/sl\/wp-json\/wp\/v2\/pages\/2678\/revisions\/3723"}],"wp:attachment":[{"href":"https:\/\/surfbio.eu\/sl\/wp-json\/wp\/v2\/media?parent=2678"}],"curies":[{"name":"wp","href":"https:\/\/api.w.org\/{rel}","templated":true}]}}