{"id":2666,"date":"2021-02-11T14:20:27","date_gmt":"2021-02-11T14:20:27","guid":{"rendered":"https:\/\/surfbio.eu\/consortium\/"},"modified":"2021-03-30T21:13:50","modified_gmt":"2021-03-30T21:13:50","slug":"konzorcij","status":"publish","type":"page","link":"https:\/\/surfbio.eu\/sl\/konzorcij\/","title":{"rendered":"Konzorcij"},"content":{"rendered":"<p>[vc_row][vc_column][vc_empty_space height=&#8221;80&#8243;][\/vc_column][\/vc_row][vc_row animation_duration=&#8221;2000&#8243; animation_type=&#8221;fadeIn&#8221;][vc_column width=&#8221;1\/6&#8243;][\/vc_column][vc_column width=&#8221;2\/3&#8243;][vc_row_inner][vc_column_inner width=&#8221;1\/4&#8243;][vc_single_image image=&#8221;2670&#8243; img_size=&#8221;full&#8221; style=&#8221;vc_box_border&#8221; onclick=&#8221;custom_link&#8221; img_link_target=&#8221;_blank&#8221; link=&#8221;https:\/\/ijs.si\/ijsw&#8221;][\/vc_column_inner][vc_column_inner width=&#8221;3\/4&#8243;][vc_custom_heading text=&#8221;Institut Jozef Stefan&#8221; font_container=&#8221;tag:h1|text_align:left&#8221; use_theme_fonts=&#8221;yes&#8221; link=&#8221;url:https%3A%2F%2Fijs.si%2Fijsw|target:_blank&#8221;][vc_column_text]Institut Jo\u017eef Stefan je vodilni slovenski znanstvenoraziskovalni in\u0161titut, ki pokriva \u0161irok spekter temeljnih in uporabnih raziskav. Zaposluje pribli\u017eno 1050 strokovnjakov za naravoslovne vede, vede o \u017eivljenju in in\u017eeniring.<\/p>\n<p>Podro\u010dja delovanja vklju\u010dujejo proizvodne in nadzorne tehnologije, komunikacijske in ra\u010dunalni\u0161ke tehnologije, tehnologije znanja, biotehnologije, nove materiale, okoljske tehnologije, nanotehnologije in jedrski in\u017eeniring.<\/p>\n<p>Poslanstvo Instituta Jo\u017eef Stefan je v zbiranju in raz\u0161irjanju znanja na najvi\u0161ji ravni naravoslovnih in tehni\u0161kih znanosti za blagostanje dru\u017ebe, zlasti prek izobra\u017eevanja, u\u010denja, raziskovanja in razvoja visoke tehnologije na najvi\u0161ji mednarodni ravni odli\u010dnosti.[\/vc_column_text][\/vc_column_inner][\/vc_row_inner][\/vc_column][vc_column width=&#8221;1\/6&#8243;][\/vc_column][\/vc_row][vc_row][vc_column][vc_empty_space height=&#8221;80&#8243;][\/vc_column][\/vc_row][vc_row animation_duration=&#8221;2000&#8243; animation_type=&#8221;fadeIn&#8221;][vc_column width=&#8221;1\/6&#8243;][\/vc_column][vc_column width=&#8221;2\/3&#8243;][vc_row_inner][vc_column_inner width=&#8221;1\/4&#8243;][vc_single_image image=&#8221;2672&#8243; img_size=&#8221;full&#8221; style=&#8221;vc_box_border&#8221; onclick=&#8221;custom_link&#8221; img_link_target=&#8221;_blank&#8221; link=&#8221;https:\/\/www.ubu.es\/iccram&#8221;][\/vc_column_inner][vc_column_inner width=&#8221;3\/4&#8243;][vc_custom_heading text=&#8221;Universidad de Burgos&#8221; font_container=&#8221;tag:h1|text_align:left&#8221; use_theme_fonts=&#8221;yes&#8221; link=&#8221;url:https%3A%2F%2Fwww.ubu.es%2Ficcram|target:_blank&#8221;][vc_column_text]ICCRAM (Mednarodni raziskovalni center za kriti\u010dne surovine in napredne industrijske tehnologije) <a href=\"http:\/\/www.ubu.es\/sites\/default\/files\/portal_page\/files\/boubu_106_jul_14.pdf\">je bil ustanovljen leta 2014<\/a> kot kompeten\u010dni center Univerze v Burgosu, ki se osredoto\u010da na\u00a0<a href=\"http:\/\/ec.europa.eu\/growth\/sectors\/raw-materials\/specific-interest\/critical_en\">kriti\u010dne surovine<\/a>.\u00a0Raziskovalne dejavnosti centra potekajo v \u0161tirih glavnih smereh, pri \u010demer je cilj vsake od njih razvoj novih naprednih materialov (sinteza nanomaterialov, ra\u010dunalni\u0161ka simulacija, nanovarnost in trajnost).\u00a0\u00a0Na podlagi teh smeri ICCRAM na evropski ravni naslavlja razli\u010dne teme (nadomestitev kriti\u010dnih surovin, oblikovanje novih materialov, biofizika, biotehnologija, industrijska tehnologija, u\u010dinkovito upravljanje virov, kro\u017eno gospodarstvo in ekolo\u0161ke inovacije itd.).<\/p>\n<p>ICCRAM je vklju\u010den v \u0161tevilne\u00a0<a href=\"https:\/\/www.ubu.es\/iccram\/highlighted-projects\/european-projects-h2020\">evropske projekte<\/a>,\u00a0financirane v okviru evropskega programa za raziskave in inovacije <a href=\"http:\/\/ec.europa.eu\/programmes\/horizon2020\/en\/what-horizon-2020\">Obzorje 2020<\/a>, med katerimi nekatere sodijo v steber znanstvene odli\u010dnosti\u00a0<a href=\"https:\/\/ec.europa.eu\/research\/mariecurieactions\/\"><strong>Marie Sk\u0142odowska Curie<\/strong><\/a>\u00a0ali konkuren\u010dni program\u00a0<a href=\"https:\/\/ec.europa.eu\/programmes\/horizon2020\/en\/h2020-section\/fet-open\"><strong>FET OPEN<\/strong><\/a> oziroma\u00a0<a href=\"http:\/\/ec.europa.eu\/programmes\/horizon2020\/en\/h2020-section\/nanotechnologies-advanced-materials-advanced-manufacturing-and-processing-and\">NMBP<\/a>\u00a0program in dru\u017ebeni izziv 5, povezan z okoljem in surovinami.<\/p>\n<p>ICCRAM je vodilni akter v \u0161tevilnih mednarodnih organizacijah, kot je\u00a0<a href=\"http:\/\/prometia.eu\/\">PROMETIA<\/a>,\u00a0<a href=\"https:\/\/ec.europa.eu\/growth\/tools-databases\/eip-raw-materials\/en\/content\/european-innovation-partnership-eip-raw-materials\">Evropsko partnerstvo za inovacije na podro\u010dju surovin<\/a>\u00a0(EIP-RAW MATERIALS), <a href=\"https:\/\/www.nanosafetycluster.eu\/\">\u00a0organizacija Nanosafety Cluster<\/a>\u00a0ali\u00a0<a href=\"http:\/\/www.nanotechia.org\/\">Zdru\u017eenje nanotehnolo\u0161kih industrij<\/a>.[\/vc_column_text][\/vc_column_inner][\/vc_row_inner][\/vc_column][vc_column width=&#8221;1\/6&#8243;][\/vc_column][\/vc_row][vc_row][vc_column][vc_empty_space height=&#8221;80&#8243;][\/vc_column][\/vc_row][vc_row animation_duration=&#8221;2000&#8243; animation_type=&#8221;fadeIn&#8221;][vc_column width=&#8221;1\/6&#8243;][\/vc_column][vc_column width=&#8221;2\/3&#8243;][vc_row_inner][vc_column_inner width=&#8221;1\/4&#8243;][vc_single_image image=&#8221;2673&#8243; img_size=&#8221;full&#8221; style=&#8221;vc_box_border&#8221; onclick=&#8221;custom_link&#8221; link=&#8221;https:\/\/www.wur.nl\/en.htm&#8221;][\/vc_column_inner][vc_column_inner width=&#8221;3\/4&#8243;][vc_custom_heading text=&#8221;Univerza Wageningen &#8221; font_container=&#8221;tag:h1|text_align:left&#8221; use_theme_fonts=&#8221;yes&#8221; link=&#8221;url:https%3A%2F%2Fwww.wur.nl%2Fen.htm|target:_blank&#8221;][vc_column_text]Univerza v Wageningenu je del izobra\u017eevalne ustanove Wageningen University &amp; Research in je edina univerza na Nizozemskem, ki se posebno osredoto\u010da na temo \u00bbzdrave hrane in \u017eivljenjskega okolja\u00ab. To po\u010dne prek tesnega sodelovanja z vladami in gospodarstvom.<\/p>\n<p>Tukaj\u0161nje raziskave in izobra\u017eevanje so osnovani na temeljnem znanstvenem pristopu in tako izrazito usmerjene v prakti\u010dno uporabnost. To je mogo\u010de dose\u010di s tesnim sodelovanjem med razli\u010dnimi strokovnimi podro\u010dji, vklju\u010dno z naravoslovnimi in dru\u017ebenimi vedami. Na ta na\u010din je Univerzi v Wageningenu uspelo zavzeti integriran pristop k aktualnim dru\u017ebenim temam, kot so podnebne spremembe, nezdrav \u017eivljenjski slog, nenehni pritiski na na\u0161e \u017eivljenjsko okolje in dobro po\u010dutje \u017eivali.<\/p>\n<p>Raziskovalci z Univerze v Wageningenu aktivno delujejo po vsem svetu, poleg tega univerza gosti ve\u010d kot 100 \u0161tudentov iz razli\u010dnih dr\u017eav po svetu. Njeno poslanstvo je raziskati potencial narave za izbolj\u0161anje kakovosti \u017eivljenja.<\/p>\n<p>Univerza Wageningen je del izobra\u017eevalne in raziskovalne ustanove Wageningen University &amp; Research. Wageningen University &amp; Research vklju\u010duje poleg Univerze Wageningen tudi ve\u010d raziskovalnih institutov. Wageningen University &amp; Research deluje na ve\u010d lokacijah po vsej Nizozemski. Precej\u0161nje \u0161tevilo u\u010diteljev, profesorjev in zaposlenih deluje v tamkaj\u0161njem kampusu v Wageningenu.[\/vc_column_text][\/vc_column_inner][\/vc_row_inner][\/vc_column][vc_column width=&#8221;1\/6&#8243;][\/vc_column][\/vc_row][vc_row][vc_column][vc_empty_space height=&#8221;80&#8243;][\/vc_column][\/vc_row][vc_row animation_duration=&#8221;2000&#8243; animation_type=&#8221;fadeIn&#8221;][vc_column width=&#8221;1\/6&#8243;][\/vc_column][vc_column width=&#8221;2\/3&#8243;][vc_row_inner][vc_column_inner width=&#8221;1\/4&#8243;][vc_single_image image=&#8221;2667&#8243; img_size=&#8221;full&#8221; style=&#8221;vc_box_border&#8221; onclick=&#8221;custom_link&#8221; link=&#8221;https:\/\/www.hzdr.de\/db\/Cms?pNid=0&#8243;][\/vc_column_inner][vc_column_inner width=&#8221;3\/4&#8243;][vc_custom_heading text=&#8221;Helmotlz-Zentrum Dresden-Rossendorf&#8221; font_container=&#8221;tag:h1|text_align:left&#8221; use_theme_fonts=&#8221;yes&#8221; link=&#8221;url:https%3A%2F%2Fwww.hzdr.de%2Fdb%2FCms%3FpNid%3D0|target:_blank&#8221;][vc_column_text]Helmholtz-Zentrum Dresden-Rossendorf je \u010dlanica Zdru\u017eenja nem\u0161kih raziskovalnih centrov Helmhotz, ki i\u0161\u010de nova spoznanja za ohranjanje in izbolj\u0161anje \u010dlove\u0161kega \u017eivljenja. Prav zato HZDR na svojih lokacijah v Dresdnu in drugod izvaja raziskave s podro\u010dij energije, zdravja in snovi. Njene velikopotezne zmogljivosti so na voljo tudi zunanjim gostom iz vsega sveta, ki tu lahko posku\u0161ajo najti odgovore na pomembna vpra\u0161anja na\u0161e dru\u017ebe.<\/p>\n<p>HZDR tesno sodeluje z drugimi raziskovalnimi institucijami znotraj mre\u017ee Helmhotz in univerzami ter neuniverzitetnimi partnerji za oblikovanje strate\u0161kih partnerstev, kot je koncept DRESDEN.[\/vc_column_text][\/vc_column_inner][\/vc_row_inner][\/vc_column][vc_column width=&#8221;1\/6&#8243;][\/vc_column][\/vc_row][vc_row][vc_column][vc_empty_space height=&#8221;80&#8243;][\/vc_column][\/vc_row][vc_row animation_duration=&#8221;2000&#8243; animation_type=&#8221;fadeIn&#8221;][vc_column width=&#8221;1\/6&#8243;][\/vc_column][vc_column width=&#8221;2\/3&#8243;][vc_row_inner][vc_column_inner width=&#8221;1\/4&#8243;][vc_single_image image=&#8221;2671&#8243; img_size=&#8221;full&#8221; style=&#8221;vc_box_border&#8221; onclick=&#8221;custom_link&#8221; img_link_target=&#8221;_blank&#8221; link=&#8221;https:\/\/www.ugent.be\/en&#8221;][\/vc_column_inner][vc_column_inner width=&#8221;3\/4&#8243;][vc_custom_heading text=&#8221;Universiteit Gent&#8221; font_container=&#8221;tag:h1|text_align:left&#8221; use_theme_fonts=&#8221;yes&#8221; link=&#8221;url:https%3A%2F%2Fwww.ugent.be%2Fen|target:_blank&#8221;][vc_column_text]Univerza v Gentu sodi med 100 najbolj\u0161ih in je ena od najve\u010djih univerz v Belgiji. Njenih 11 fakultet ponuja prek 200 \u0161tudijskih programov in izvaja poglobljene raziskave s \u0161irokega spektra znanstvenih podro\u010dij.[\/vc_column_text][\/vc_column_inner][\/vc_row_inner][\/vc_column][vc_column width=&#8221;1\/6&#8243;][\/vc_column][\/vc_row][vc_row][vc_column][vc_empty_space height=&#8221;80&#8243;][\/vc_column][\/vc_row][vc_row animation_duration=&#8221;2000&#8243; animation_type=&#8221;fadeIn&#8221;][vc_column width=&#8221;1\/6&#8243;][\/vc_column][vc_column width=&#8221;2\/3&#8243;][vc_row_inner][vc_column_inner width=&#8221;1\/4&#8243;][vc_single_image image=&#8221;2669&#8243; img_size=&#8221;full&#8221; style=&#8221;vc_box_border&#8221; onclick=&#8221;custom_link&#8221; img_link_target=&#8221;_blank&#8221; link=&#8221;https:\/\/www.axia-innovation.com\/en\/axia\/&#8221;][\/vc_column_inner][vc_column_inner width=&#8221;3\/4&#8243;][vc_custom_heading text=&#8221;Axia Innovation&#8221; font_container=&#8221;tag:h1|text_align:left&#8221; use_theme_fonts=&#8221;yes&#8221; link=&#8221;url:https%3A%2F%2Fwww.axia-innovation.com%2Fen%2Faxia%2F|target:_blank&#8221;][vc_column_text]AXIA Innovation je evropsko podjetje, ki se ukvarja s svetovanjem in nudi celostne svetovalne storitve. Osredoto\u010da se na spremljanje in podporo podjetjem v vseh fazah razvoja poslovanja in komercializacije proizvodov.<\/p>\n<p>Podjetje zagotavlja celosten in podroben pristop k naju\u010dinkovitej\u0161emu na\u010dinu odziva na potrebe strank, ki se za\u010dne pri strate\u0161kem razmi\u0161ljanju in sega vse do izvedbe projekta.<\/p>\n<p>Podjetje AXIA Innovation temelji na sinergiji med \u0161tirimi glavnimi smermi storitev: Vodenje projektov, inovacijsko upravljanje, prenos tehnologije ter komunikacija in dizajn.<\/p>\n<p>Tovrstno znanje in izku\u0161nje podjetju omogo\u010dajo posredovanje v vseh fazah projekta in strankam zagotavljajo re\u0161itve \u00bbvse na enem mestu\u00ab. Slednjemu botruje tudi sodelovanje z uveljavljenimi evropskimi univerzami in raziskovalnimi instituti ter \u0161iroko mre\u017eo industrijskih partnerjev.[\/vc_column_text][\/vc_column_inner][\/vc_row_inner][\/vc_column][vc_column width=&#8221;1\/6&#8243;][\/vc_column][\/vc_row][vc_row][vc_column][vc_empty_space height=&#8221;80&#8243;][\/vc_column][\/vc_row]<\/p>\n","protected":false},"excerpt":{"rendered":"<p>[vc_row][vc_column][vc_empty_space height=&#8221;80&#8243;][\/vc_column][\/vc_row][vc_row animation_duration=&#8221;2000&#8243; animation_type=&#8221;fadeIn&#8221;][vc_column width=&#8221;1\/6&#8243;][\/vc_column][vc_column width=&#8221;2\/3&#8243;][vc_row_inner][vc_column_inner width=&#8221;1\/4&#8243;][vc_single_image image=&#8221;2670&#8243; img_size=&#8221;full&#8221; style=&#8221;vc_box_border&#8221; onclick=&#8221;custom_link&#8221; img_link_target=&#8221;_blank&#8221; link=&#8221;https:\/\/ijs.si\/ijsw&#8221;][\/vc_column_inner][vc_column_inner width=&#8221;3\/4&#8243;][vc_custom_heading text=&#8221;Institut Jozef Stefan&#8221; font_container=&#8221;tag:h1|text_align:left&#8221; use_theme_fonts=&#8221;yes&#8221; link=&#8221;url:https%3A%2F%2Fijs.si%2Fijsw|target:_blank&#8221;][vc_column_text]Institut Jo\u017eef Stefan je vodilni slovenski znanstvenoraziskovalni in\u0161titut, ki pokriva \u0161irok spekter temeljnih in uporabnih raziskav. Zaposluje pribli\u017eno 1050 strokovnjakov za naravoslovne vede, vede o \u017eivljenju in in\u017eeniring. Podro\u010dja delovanja vklju\u010dujejo proizvodne in nadzorne tehnologije, komunikacijske [&hellip;]<\/p>\n","protected":false},"author":1,"featured_media":0,"parent":0,"menu_order":0,"comment_status":"closed","ping_status":"closed","template":"","meta":{"footnotes":""},"class_list":["post-2666","page","type-page","status-publish","hentry"],"_links":{"self":[{"href":"https:\/\/surfbio.eu\/sl\/wp-json\/wp\/v2\/pages\/2666","targetHints":{"allow":["GET"]}}],"collection":[{"href":"https:\/\/surfbio.eu\/sl\/wp-json\/wp\/v2\/pages"}],"about":[{"href":"https:\/\/surfbio.eu\/sl\/wp-json\/wp\/v2\/types\/page"}],"author":[{"embeddable":true,"href":"https:\/\/surfbio.eu\/sl\/wp-json\/wp\/v2\/users\/1"}],"replies":[{"embeddable":true,"href":"https:\/\/surfbio.eu\/sl\/wp-json\/wp\/v2\/comments?post=2666"}],"version-history":[{"count":5,"href":"https:\/\/surfbio.eu\/sl\/wp-json\/wp\/v2\/pages\/2666\/revisions"}],"predecessor-version":[{"id":2677,"href":"https:\/\/surfbio.eu\/sl\/wp-json\/wp\/v2\/pages\/2666\/revisions\/2677"}],"wp:attachment":[{"href":"https:\/\/surfbio.eu\/sl\/wp-json\/wp\/v2\/media?parent=2666"}],"curies":[{"name":"wp","href":"https:\/\/api.w.org\/{rel}","templated":true}]}}