{"id":2658,"date":"2016-06-13T15:48:45","date_gmt":"2016-06-13T15:48:45","guid":{"rendered":"https:\/\/surfbio.eu\/project\/"},"modified":"2022-04-07T07:57:15","modified_gmt":"2022-04-07T07:57:15","slug":"projekt","status":"publish","type":"page","link":"https:\/\/surfbio.eu\/sl\/projekt\/","title":{"rendered":"Projekt"},"content":{"rendered":"<p>[vc_row css=&#8221;.vc_custom_1613137419835{background-color: #f4f4f4 !important;}&#8221;][vc_column][vc_empty_space height=&#8221;80&#8243;][\/vc_column][\/vc_row][vc_row css=&#8221;.vc_custom_1613385769543{background-color: #f4f4f4 !important;}&#8221; animation_type=&#8221;fadeIn&#8221;][vc_column width=&#8221;1\/6&#8243; offset=&#8221;vc_hidden-sm vc_hidden-xs&#8221;][\/vc_column][vc_column width=&#8221;2\/3&#8243;][vc_column_text el_class=&#8221;parrafo&#8221;]<\/p>\n<p style=\"text-align: center;\"><b>Razumevanje interakcij koloidov<\/b> (mikroorganizmov in biomolekul) s povr\u0161inami in med seboj je klju\u010dni dejavnik, ki lahko vodi do izbolj\u0161av na \u0161tevilnih podro\u010djih, kot je biotehnolo\u0161ka industrija ali razvoj nano-nosilcev za dostavo zdravil. Te interakcije je mogo\u010de preu\u010devati in analizirati z uporabo razli\u010dnih orodij in tehnik, <b>kar je tudi glavni cilj programa SURBIO!<\/b><\/p>\n<p style=\"text-align: center;\">Dejavnosti Instituta Jo\u017eef Stefan in konzorcijskih partnerjev bodo usmerjene zlasti v:<\/p>\n<p>[\/vc_column_text][vc_empty_space]<style>#porto-info-list66684385469d829cef0a19 i { color: #98de9e;font-size: 34px; }<\/style><ul id=\"porto-info-list66684385469d829cef0a19\" class=\"porto-info-list \"><li class=\"porto-info-list-item\"><i class=\"porto-info-icon fas fa-arrow-alt-circle-right\"><\/i><div class=\"porto-info-list-item-desc\" style=\"font-size: -8px;\">\n<ul>\n<li>\n<h5>Izobra\u017eevanje o najsodobnej\u0161ih analiti\u010dnih metodah za preu\u010devanje interakcij mikrobne celi\u010dne povr\u0161ine in mikrobnih celi\u010dnih koloidov z namenom la\u017eje uporabe v prihodnosti<\/h5>\n<\/li>\n<\/ul>\n<p><\/div><\/li><li class=\"porto-info-list-item\"><i class=\"porto-info-icon fas fa-arrow-alt-circle-right\"><\/i><div class=\"porto-info-list-item-desc\" style=\"font-size: -8px;\">\n<ul>\n<li>\n<h5>Izbolj\u0161anje zmogljivosti iterativnih mokro-suhih metodologij, ki se uporabljajo za de\u0161ifriranje zapletenih interakcij med celicami in celi\u010dno povr\u0161ino z uporabo tehnik sistemske biologije (celi\u010dna fiziologija)<\/h5>\n<\/li>\n<\/ul>\n<p><\/div><\/li><li class=\"porto-info-list-item\"><i class=\"porto-info-icon fas fa-arrow-alt-circle-right\"><\/i><div class=\"porto-info-list-item-desc\" style=\"font-size: -8px;\">\n<ul>\n<li>\n<h5>Olaj\u0161anje izmenjave znanja, ocen in priporo\u010dil glede politik o raziskavah in uporabi interakcij med celicami in celi\u010dno povr\u0161ino.<\/h5>\n<\/li>\n<\/ul>\n<p><\/div><\/li><\/ul>[\/vc_column][vc_column width=&#8221;1\/6&#8243; offset=&#8221;vc_hidden-sm vc_hidden-xs&#8221;][\/vc_column][\/vc_row][vc_row css=&#8221;.vc_custom_1613385789798{background-color: #98de9e !important;}&#8221; animation_type=&#8221;fadeIn&#8221;][vc_column][vc_empty_space height=&#8221;100&#8243;][vc_row_inner animation_duration=&#8221;2000&#8243; animation_type=&#8221;fadeIn&#8221;][vc_column_inner width=&#8221;1\/6&#8243; offset=&#8221;vc_hidden-sm vc_hidden-xs&#8221;][\/vc_column_inner][vc_column_inner width=&#8221;2\/3&#8243;][vc_text_separator title=&#8221;U\u010cINKI&#8221; color=&#8221;custom&#8221; border_width=&#8221;2&#8243; element=&#8221;h1&#8243; accent_color=&#8221;#002d44&#8243;][\/vc_column_inner][vc_column_inner width=&#8221;1\/6&#8243; offset=&#8221;vc_hidden-sm vc_hidden-xs&#8221;][\/vc_column_inner][\/vc_row_inner][vc_empty_space height=&#8221;80&#8243;][\/vc_column][\/vc_row][vc_row][vc_column][vc_empty_space height=&#8221;60&#8243;][\/vc_column][\/vc_row][vc_row][vc_column width=&#8221;1\/6&#8243; offset=&#8221;vc_hidden-sm vc_hidden-xs&#8221;][\/vc_column][vc_column width=&#8221;2\/3&#8243;][vc_row_inner][vc_column_inner width=&#8221;1\/4&#8243; animation_type=&#8221;bounce&#8221;]<div class=\"porto-just-icon-wrapper porto-icon none porto-icon-pos-center\" style=\"color:#7eb082;font-size:40px;\"><i class=\"fas fa-arrow-down\"><\/i><\/div>[vc_empty_space height=&#8221;20&#8243;][vc_column_text]<\/p>\n<p style=\"text-align: center;\">Rezultati raziskav s podro\u010dja povr\u0161inske in koloidne biologije, ki prina\u0161ajo oprijemljive u\u010dinke na prese\u010di\u0161\u010du znanosti o materialih in molekularne mikrobiologije<\/p>\n<p>[\/vc_column_text][\/vc_column_inner][vc_column_inner width=&#8221;1\/4&#8243; animation_type=&#8221;bounce&#8221;]<div class=\"porto-just-icon-wrapper porto-icon none porto-icon-pos-center\" style=\"color:#7eb082;font-size:40px;\"><i class=\"fas fa-book\"><\/i><\/div>[vc_empty_space height=&#8221;20&#8243;][vc_column_text]<\/p>\n<p style=\"text-align: center;\">Izbolj\u0161an prenos znanja<\/p>\n<p>[\/vc_column_text][\/vc_column_inner][vc_column_inner width=&#8221;1\/4&#8243; animation_type=&#8221;bounce&#8221;]<div class=\"porto-just-icon-wrapper porto-icon none porto-icon-pos-center\" style=\"color:#7eb082;font-size:40px;\"><i class=\"fas fa-fire\"><\/i><\/div>[vc_empty_space height=&#8221;20&#8243;][vc_column_text]<\/p>\n<p style=\"text-align: center;\">Ve\u010dje zanimanje za povr\u0161inske in koloidne biolo\u0161ke raziskave<\/p>\n<p>[\/vc_column_text][\/vc_column_inner][vc_column_inner width=&#8221;1\/4&#8243; animation_type=&#8221;bounce&#8221;]<div class=\"porto-just-icon-wrapper porto-icon none porto-icon-pos-center\" style=\"color:#7eb082;font-size:40px;\"><i class=\"far fa-newspaper\"><\/i><\/div>[vc_empty_space height=&#8221;20&#8243;][vc_column_text]<\/p>\n<p style=\"text-align: center;\">Pove\u010dano \u0161tevilo recenziranih publikacij o tej temi<\/p>\n<p>[\/vc_column_text][\/vc_column_inner][\/vc_row_inner][\/vc_column][vc_column width=&#8221;1\/6&#8243; offset=&#8221;vc_hidden-sm vc_hidden-xs&#8221;][\/vc_column][\/vc_row][vc_row][vc_column offset=&#8221;vc_hidden-sm vc_hidden-xs&#8221;][vc_empty_space height=&#8221;60&#8243;][\/vc_column][\/vc_row][vc_row][vc_column width=&#8221;1\/6&#8243; offset=&#8221;vc_hidden-sm vc_hidden-xs&#8221;][\/vc_column][vc_column width=&#8221;2\/3&#8243;][vc_row_inner][vc_column_inner width=&#8221;1\/4&#8243; animation_type=&#8221;bounce&#8221;]<div class=\"porto-just-icon-wrapper porto-icon none porto-icon-pos-center\" style=\"color:#7eb082;font-size:40px;\"><i class=\"fas fa-chart-line\"><\/i><\/div>[vc_empty_space height=&#8221;20&#8243;][vc_column_text]<\/p>\n<p style=\"text-align: center;\">Pove\u010danje \u0161tevila patentov<\/p>\n<p>[\/vc_column_text][\/vc_column_inner][vc_column_inner width=&#8221;1\/4&#8243; animation_type=&#8221;bounce&#8221;]<div class=\"porto-just-icon-wrapper porto-icon none porto-icon-pos-center\" style=\"color:#7eb082;font-size:40px;\"><i class=\"fas fa-industry\"><\/i><\/div>[vc_empty_space height=&#8221;20&#8243;][vc_column_text]<\/p>\n<p style=\"text-align: center;\">Pogodbene raziskave za industrijo na vseh interesnih podro\u010djih (odstranjevanje odpadkov, papirna industrija, proizvodnja hrane, farmacija)<\/p>\n<p>[\/vc_column_text][\/vc_column_inner][vc_column_inner width=&#8221;1\/4&#8243; animation_type=&#8221;bounce&#8221;]<div class=\"porto-just-icon-wrapper porto-icon none porto-icon-pos-center\" style=\"color:#7eb082;font-size:40px;\"><i class=\"fas fa-chart-pie\"><\/i><\/div>[vc_empty_space height=&#8221;20&#8243;][vc_column_text]<\/p>\n<p style=\"text-align: center;\">Standardizacija metodologij<\/p>\n<p>[\/vc_column_text][\/vc_column_inner][vc_column_inner width=&#8221;1\/4&#8243; animation_type=&#8221;bounce&#8221;]<div class=\"porto-just-icon-wrapper porto-icon none porto-icon-pos-center\" style=\"color:#7eb082;font-size:40px;\"><i class=\"far fa-chart-bar\"><\/i><\/div>[vc_empty_space height=&#8221;20&#8243;][vc_column_text]<\/p>\n<p style=\"text-align: center;\">Nove prilo\u017enosti za analiti\u010dno testiranje<\/p>\n<p>[\/vc_column_text][\/vc_column_inner][\/vc_row_inner][\/vc_column][vc_column width=&#8221;1\/6&#8243; offset=&#8221;vc_hidden-sm vc_hidden-xs&#8221;][\/vc_column][\/vc_row][vc_row][vc_column offset=&#8221;vc_hidden-sm vc_hidden-xs&#8221;][vc_empty_space height=&#8221;60&#8243;][\/vc_column][\/vc_row][vc_row][vc_column width=&#8221;1\/6&#8243; offset=&#8221;vc_hidden-sm vc_hidden-xs&#8221;][\/vc_column][vc_column width=&#8221;2\/3&#8243; offset=&#8221;vc_hidden-sm vc_hidden-xs&#8221;][vc_row_inner][vc_column_inner width=&#8221;1\/4&#8243; animation_type=&#8221;bounce&#8221;][\/vc_column_inner][vc_column_inner width=&#8221;1\/4&#8243; animation_type=&#8221;bounce&#8221;]<div class=\"porto-just-icon-wrapper porto-icon none porto-icon-pos-center\" style=\"color:#7eb082;font-size:40px;\"><i class=\"fas fa-exchange-alt\"><\/i><\/div>[vc_empty_space height=&#8221;20&#8243;][vc_column_text]<\/p>\n<p style=\"text-align: center;\">Raz\u0161irjen nabor testabilnih vzorcev<\/p>\n<p>[\/vc_column_text][\/vc_column_inner][vc_column_inner width=&#8221;1\/4&#8243;]<div class=\"porto-just-icon-wrapper porto-icon none porto-icon-pos-center\" style=\"color:#7eb082;font-size:40px;\"><i class=\"fas fa-globe\"><\/i><\/div>[vc_empty_space height=&#8221;20&#8243;][vc_column_text]<\/p>\n<p style=\"text-align: center;\">Mednarodna prepoznavnost slovenskega raziskovalnega podro\u010dja<\/p>\n<p>[\/vc_column_text][\/vc_column_inner][vc_column_inner width=&#8221;1\/4&#8243; offset=&#8221;vc_hidden-sm vc_hidden-xs&#8221;][\/vc_column_inner][\/vc_row_inner][\/vc_column][vc_column width=&#8221;1\/6&#8243; offset=&#8221;vc_hidden-sm vc_hidden-xs&#8221;][\/vc_column][\/vc_row][vc_row][vc_column offset=&#8221;vc_hidden-sm vc_hidden-xs&#8221;][vc_empty_space height=&#8221;60&#8243;][\/vc_column][\/vc_row]<\/p>\n","protected":false},"excerpt":{"rendered":"<p>[vc_row css=&#8221;.vc_custom_1613137419835{background-color: #f4f4f4 !important;}&#8221;][vc_column][vc_empty_space height=&#8221;80&#8243;][\/vc_column][\/vc_row][vc_row css=&#8221;.vc_custom_1613385769543{background-color: #f4f4f4 !important;}&#8221; animation_type=&#8221;fadeIn&#8221;][vc_column width=&#8221;1\/6&#8243; offset=&#8221;vc_hidden-sm vc_hidden-xs&#8221;][\/vc_column][vc_column width=&#8221;2\/3&#8243;][vc_column_text el_class=&#8221;parrafo&#8221;] Razumevanje interakcij koloidov (mikroorganizmov in biomolekul) s povr\u0161inami in med seboj je klju\u010dni dejavnik, ki lahko vodi do izbolj\u0161av na \u0161tevilnih podro\u010djih, kot je biotehnolo\u0161ka industrija ali razvoj nano-nosilcev za dostavo zdravil. Te interakcije je mogo\u010de preu\u010devati in analizirati z uporabo [&hellip;]<\/p>\n","protected":false},"author":1,"featured_media":0,"parent":0,"menu_order":0,"comment_status":"closed","ping_status":"closed","template":"","meta":{"footnotes":""},"class_list":["post-2658","page","type-page","status-publish","hentry"],"_links":{"self":[{"href":"https:\/\/surfbio.eu\/sl\/wp-json\/wp\/v2\/pages\/2658","targetHints":{"allow":["GET"]}}],"collection":[{"href":"https:\/\/surfbio.eu\/sl\/wp-json\/wp\/v2\/pages"}],"about":[{"href":"https:\/\/surfbio.eu\/sl\/wp-json\/wp\/v2\/types\/page"}],"author":[{"embeddable":true,"href":"https:\/\/surfbio.eu\/sl\/wp-json\/wp\/v2\/users\/1"}],"replies":[{"embeddable":true,"href":"https:\/\/surfbio.eu\/sl\/wp-json\/wp\/v2\/comments?post=2658"}],"version-history":[{"count":10,"href":"https:\/\/surfbio.eu\/sl\/wp-json\/wp\/v2\/pages\/2658\/revisions"}],"predecessor-version":[{"id":3722,"href":"https:\/\/surfbio.eu\/sl\/wp-json\/wp\/v2\/pages\/2658\/revisions\/3722"}],"wp:attachment":[{"href":"https:\/\/surfbio.eu\/sl\/wp-json\/wp\/v2\/media?parent=2658"}],"curies":[{"name":"wp","href":"https:\/\/api.w.org\/{rel}","templated":true}]}}